{"id":26686,"date":"2018-03-08T12:40:44","date_gmt":"2018-03-08T12:40:44","guid":{"rendered":"https:\/\/helpcenter.ila.cegid.com\/pagina-inicial-produtos-teste-2\/"},"modified":"2025-05-05T09:54:59","modified_gmt":"2025-05-05T09:54:59","slug":"home","status":"publish","type":"page","link":"https:\/\/helpcenter.ila.cegid.com\/es\/","title":{"rendered":"Bienvenido a los Help Centers Cegid"},"content":{"rendered":"<section class=\"av_textblock_section \"  itemscope=\"itemscope\" itemtype=\"https:\/\/schema.org\/CreativeWork\" ><div class='avia_textblock  '   itemprop=\"text\" >\n<\/div><\/section>\n<section class=\"av_textblock_section \"  itemscope=\"itemscope\" itemtype=\"https:\/\/schema.org\/CreativeWork\" ><div class='avia_textblock  '   itemprop=\"text\" ><p>Buscar por producto<\/p>\n<\/div><\/section>\n<\/div><\/div><\/div><!-- close content main div --><\/div><\/div><div id='av_section_1'  class='avia-section av-ktirbxrn-5c4bf270e4385ee480ecc52a9fbf0fbb main_color avia-section-default avia-no-border-styling  avia-builder-el-2  el_after_av_textblock  avia-builder-el-last  pri_cards_section small_cards avia-bg-style-scroll  container_wrap sidebar_right'  ><div class='container av-section-cont-open' ><div class='template-page content  av-content-small alpha units'><div class='post-entry post-entry-type-page post-entry-26686'><div class='entry-content-wrapper clearfix'>\n<section class=\"av_textblock_section \"  itemscope=\"itemscope\" itemtype=\"https:\/\/schema.org\/CreativeWork\" ><div class='avia_textblock  '   itemprop=\"text\" ><p><a href=\"https:\/\/helpcenter.ila.cegid.com\/es\/xrp-business\/\"><img decoding=\"async\" class=\"alignnone wp-image-142363\" src=\"https:\/\/helpcenter.ila.cegid.com\/wp-content\/uploads\/TypeFavicon-Size128px.svg\" alt=\"\" width=\"80\" \/><\/a><\/p>\n<h3>XRP Business<\/h3>\n<p>Aqu\u00ed encuentra art\u00edculos, novedades y preguntas frecuentes para ayudarte a explorar todo el potencial de XRP Business.<\/p>\n<\/div><\/section>\n<section class=\"av_textblock_section \"  itemscope=\"itemscope\" itemtype=\"https:\/\/schema.org\/CreativeWork\" ><div class='avia_textblock  '   itemprop=\"text\" ><p><a href=\"https:\/\/helpcenter.ila.cegid.com\/es\/xrpenterprise\/\"><img loading=\"lazy\" decoding=\"async\" class=\"alignnone wp-image-154607\" src=\"https:\/\/helpcenter.ila.cegid.com\/wp-content\/uploads\/XRP-Enterprise.svg\" alt=\"\" width=\"64\" height=\"65\" \/><\/a><\/p>\n<h3>XRP Enterprise<\/h3>\n<p>Aqu\u00ed encuentra art\u00edculos, novedades, FAQs y otros recursos para ayudarlo a explorar todo el potencial de XRP Enterprise.<\/p>\n<\/div><\/section>\n<section class=\"av_textblock_section \"  itemscope=\"itemscope\" itemtype=\"https:\/\/schema.org\/CreativeWork\" ><div class='avia_textblock  '   itemprop=\"text\" ><p><a href=\"https:\/\/helpcenter.ila.cegid.com\/es\/v10\/\"><img loading=\"lazy\" decoding=\"async\" class=\"alignnone wp-image-117219 size-full\" src=\"https:\/\/helpcenter.ila.cegid.com\/wp-content\/uploads\/v10-4.svg\" alt=\"\" width=\"64\" height=\"64\" \/><\/a><\/p>\n<h3>ERP v10<\/h3>\n<p>Aqu\u00ed encuentra art\u00edculos, novedades, FAQs y otros recursos para ayudarlo a explorar todo el potencial de la V10.<\/p>\n<\/div><\/section>\n<section class=\"av_textblock_section \"  itemscope=\"itemscope\" itemtype=\"https:\/\/schema.org\/CreativeWork\" ><div class='avia_textblock  '   itemprop=\"text\" ><p><a href=\"https:\/\/helpcenter.ila.cegid.com\/es\/fiscalreporting\/\"><img decoding=\"async\" class=\"alignnone wp-image-134525\" src=\"https:\/\/helpcenter.ila.cegid.com\/wp-content\/uploads\/Fiscal-Reporting-1.svg\" alt=\"\" width=\"80\" \/><\/a><\/p>\n<h3>Fiscal Reporting<\/h3>\n<p>Aqu\u00ed encuentra art\u00edculos para ayudarlo a explorar todo el potencial del Fiscal Reporting.<\/p>\n<\/div><\/section>\n<section class=\"av_textblock_section \"  itemscope=\"itemscope\" itemtype=\"https:\/\/schema.org\/CreativeWork\" ><div class='avia_textblock  '   itemprop=\"text\" ><p><a href=\"https:\/\/helpcenter.ila.cegid.com\/es\/valuekeep\/\"><img loading=\"lazy\" decoding=\"async\" class=\"alignnone wp-image-161000\" src=\"https:\/\/helpcenter.ila.cegid.com\/wp-content\/uploads\/PNG-VK.png\" alt=\"\" width=\"80\" height=\"80\" srcset=\"https:\/\/helpcenter.ila.cegid.com\/wp-content\/uploads\/PNG-VK.png 128w, https:\/\/helpcenter.ila.cegid.com\/wp-content\/uploads\/PNG-VK-80x80.png 80w, https:\/\/helpcenter.ila.cegid.com\/wp-content\/uploads\/PNG-VK-36x36.png 36w\" sizes=\"auto, (max-width: 80px) 100vw, 80px\" \/><\/a><\/p>\n<h3>Valuekeep<\/h3>\n<p>Aqu\u00ed encuentra art\u00edculos, v\u00eddeos, novedades y preguntas frecuentes que le ayudar\u00e1n a explorar todas las funciones de Valuekeep.<\/p>\n<\/div><\/section>\n<section class=\"av_textblock_section \"  itemscope=\"itemscope\" itemtype=\"https:\/\/schema.org\/CreativeWork\" ><div class='avia_textblock  '   itemprop=\"text\" ><p><a href=\"https:\/\/helpcenter.ila.cegid.com\/es\/pos\/contasimple\/\"><img decoding=\"async\" class=\"alignnone wp-image-146366\" src=\"https:\/\/helpcenter.ila.cegid.com\/wp-content\/uploads\/TPV.svg\" alt=\"\" width=\"80\" \/><\/a><\/p>\n<h3>Contasimple TPV<\/h3>\n<p>Aqu\u00ed encuentra art\u00edculos para ayudarlo a explorar todo el potencial del Cegid Contasimple TPV.<\/p>\n<\/div><\/section>\n<section class=\"av_textblock_section \"  itemscope=\"itemscope\" itemtype=\"https:\/\/schema.org\/CreativeWork\" ><div class='avia_textblock  '   itemprop=\"text\" ><p><a href=\"https:\/\/helpcenter.ila.cegid.com\/es\/diez\/erpdespacho\/\"><img loading=\"lazy\" decoding=\"async\" class=\"alignnone wp-image-135027 size-full\" src=\"https:\/\/helpcenter.ila.cegid.com\/wp-content\/uploads\/ERP-Despachos.svg\" alt=\"\" width=\"64\" height=\"64\" \/><\/a><\/p>\n<h3>Diez ERP Despacho<\/h3>\n<p>Aqu\u00ed encuentra art\u00edculos, novedades, FAQs y otros recursos para ayudarlo a explorar todo el potencial del Cegid Diez ERP Despacho.<\/p>\n<\/div><\/section>\n<section class=\"av_textblock_section \"  itemscope=\"itemscope\" itemtype=\"https:\/\/schema.org\/CreativeWork\" ><div class='avia_textblock  '   itemprop=\"text\" ><p><a href=\"https:\/\/helpcenter.ila.cegid.com\/es\/diez\/pyme\/\"><img decoding=\"async\" class=\"alignnone wp-image-135033\" src=\"https:\/\/helpcenter.ila.cegid.com\/wp-content\/uploads\/ERPPymes.svg\" alt=\"\" width=\"80\" \/><\/a><\/p>\n<h3>Diez ERP PYME<\/h3>\n<p>Aqu\u00ed encuentra art\u00edculos, novedades, FAQs y otros recursos para ayudarlo a explorar todo el potencial del Diez ERP PYME.<\/p>\n<\/div><\/section>\n<section class=\"av_textblock_section \"  itemscope=\"itemscope\" itemtype=\"https:\/\/schema.org\/CreativeWork\" ><div class='avia_textblock  '   itemprop=\"text\" ><p><a href=\"https:\/\/helpcenter.ila.cegid.com\/es\/diez\/con\/\"><img loading=\"lazy\" decoding=\"async\" src=\"https:\/\/helpcenter.ila.cegid.com\/wp-content\/uploads\/DiezCON.svg\" alt=\"\" width=\"64\" height=\"64\" \/><\/a><\/p>\n<h3>DiezCON<\/h3>\n<p>Aqu\u00ed encuentra art\u00edculos, novedades, FAQs y otros recursos para ayudarlo a explorar todo el potencial del DiezCON.<\/p>\n<\/div><\/section>\n<section class=\"av_textblock_section \"  itemscope=\"itemscope\" itemtype=\"https:\/\/schema.org\/CreativeWork\" ><div class='avia_textblock  '   itemprop=\"text\" ><p><a href=\"https:\/\/helpcenter.ila.cegid.com\/es\/diez\/fac\/\"><img loading=\"lazy\" decoding=\"async\" class=\"alignnone wp-image-135111 size-full\" src=\"https:\/\/helpcenter.ila.cegid.com\/wp-content\/uploads\/DiezFAC.svg\" alt=\"\" width=\"64\" height=\"64\" \/><\/a><\/p>\n<h3>DiezFAC<\/h3>\n<p>Aqu\u00ed encuentra art\u00edculos, novedades, FAQs y otros recursos para ayudarlo a explorar todo el potencial del DiezFAC.<\/p>\n<\/div><\/section>\n<section class=\"av_textblock_section \"  itemscope=\"itemscope\" itemtype=\"https:\/\/schema.org\/CreativeWork\" ><div class='avia_textblock  '   itemprop=\"text\" ><p><a href=\"https:\/\/developers.primaverabss.com\/\"><img decoding=\"async\" class=\"alignnone wp-image-117201 size-full\" src=\"https:\/\/helpcenter.ila.cegid.com\/wp-content\/uploads\/Developers-Network.svg\" alt=\"\" \/><\/a><\/p>\n<h3>Developers Network<\/h3>\n<p>Aqu\u00ed encuentra informaciones sobre las tecnolog\u00edas de extensibilidad y desarrollo de los productos Cegid.<\/p>\n<\/div><\/section>\n<\/div><\/div><\/div><!-- close content main div --><\/div><\/div><div id='after_section_1'  class='main_color av_default_container_wrap container_wrap sidebar_right'  ><div class='container av-section-cont-open' ><div class='template-page content  av-content-small alpha units'><div class='post-entry post-entry-type-page post-entry-26686'><div class='entry-content-wrapper clearfix'>\n","protected":false},"excerpt":{"rendered":"","protected":false},"author":1,"featured_media":0,"parent":0,"menu_order":0,"comment_status":"open","ping_status":"open","template":"","meta":{"footnotes":""},"class_list":["post-26686","page","type-page","status-publish","hentry"],"_links":{"self":[{"href":"https:\/\/helpcenter.ila.cegid.com\/es\/wp-json\/wp\/v2\/pages\/26686","targetHints":{"allow":["GET"]}}],"collection":[{"href":"https:\/\/helpcenter.ila.cegid.com\/es\/wp-json\/wp\/v2\/pages"}],"about":[{"href":"https:\/\/helpcenter.ila.cegid.com\/es\/wp-json\/wp\/v2\/types\/page"}],"author":[{"embeddable":true,"href":"https:\/\/helpcenter.ila.cegid.com\/es\/wp-json\/wp\/v2\/users\/1"}],"replies":[{"embeddable":true,"href":"https:\/\/helpcenter.ila.cegid.com\/es\/wp-json\/wp\/v2\/comments?post=26686"}],"version-history":[{"count":0,"href":"https:\/\/helpcenter.ila.cegid.com\/es\/wp-json\/wp\/v2\/pages\/26686\/revisions"}],"wp:attachment":[{"href":"https:\/\/helpcenter.ila.cegid.com\/es\/wp-json\/wp\/v2\/media?parent=26686"}],"curies":[{"name":"wp","href":"https:\/\/api.w.org\/{rel}","templated":true}]}}